{"id":65,"date":"2008-10-14T23:12:53","date_gmt":"2008-10-14T21:12:53","guid":{"rendered":"http:\/\/www.bauwas.eu\/?page_id=65"},"modified":"2013-09-19T09:16:05","modified_gmt":"2013-09-19T07:16:05","slug":"baulinks-dich-ich-als-nutzlich-erachte","status":"publish","type":"page","link":"https:\/\/www.bauwas.eu\/?page_id=65","title":{"rendered":"n\u00fctzliche Links zum Thema Bau und Ausbau"},"content":{"rendered":"<p>Auf dieser Seite m\u00f6chte ich einige Links die ich als n\u00fctzlich erachte anzeigen.<\/p>\n","protected":false},"excerpt":{"rendered":"<p>Auf dieser Seite m\u00f6chte ich einige Links die ich als n\u00fctzlich erachte anzeigen.<\/p>\n","protected":false},"author":2,"featured_media":0,"parent":0,"menu_order":0,"comment_status":"open","ping_status":"open","template":"","meta":{"ngg_post_thumbnail":0,"footnotes":""},"class_list":["post-65","page","type-page","status-publish","hentry"],"_links":{"self":[{"href":"https:\/\/www.bauwas.eu\/index.php?rest_route=\/wp\/v2\/pages\/65","targetHints":{"allow":["GET"]}}],"collection":[{"href":"https:\/\/www.bauwas.eu\/index.php?rest_route=\/wp\/v2\/pages"}],"about":[{"href":"https:\/\/www.bauwas.eu\/index.php?rest_route=\/wp\/v2\/types\/page"}],"author":[{"embeddable":true,"href":"https:\/\/www.bauwas.eu\/index.php?rest_route=\/wp\/v2\/users\/2"}],"replies":[{"embeddable":true,"href":"https:\/\/www.bauwas.eu\/index.php?rest_route=%2Fwp%2Fv2%2Fcomments&post=65"}],"version-history":[{"count":3,"href":"https:\/\/www.bauwas.eu\/index.php?rest_route=\/wp\/v2\/pages\/65\/revisions"}],"predecessor-version":[{"id":699,"href":"https:\/\/www.bauwas.eu\/index.php?rest_route=\/wp\/v2\/pages\/65\/revisions\/699"}],"wp:attachment":[{"href":"https:\/\/www.bauwas.eu\/index.php?rest_route=%2Fwp%2Fv2%2Fmedia&parent=65"}],"curies":[{"name":"wp","href":"https:\/\/api.w.org\/{rel}","templated":true}]}}